{"id":10444,"date":"2022-09-29T11:24:02","date_gmt":"2022-09-29T11:24:02","guid":{"rendered":"https:\/\/de.myhealthnewsdaily.com\/?page_id=10444"},"modified":"2022-09-29T12:02:49","modified_gmt":"2022-09-29T12:02:49","slug":"my-health-news-daily","status":"publish","type":"page","link":"https:\/\/www.myhealthnewsdaily.com\/de\/my-health-news-daily\/","title":{"rendered":"My Health News Daily &#8211; T\u00e4gliche Nachrichten \u00fcber Gesundheit, Fitness und Medizin"},"content":{"rendered":"\t\t<div data-elementor-type=\"wp-page\" data-elementor-id=\"10444\" class=\"elementor elementor-10444\">\n\t\t\t\t\t\t<section class=\"elementor-section elementor-top-section elementor-element elementor-element-4a6e7103 elementor-section-boxed elementor-section-height-default elementor-section-height-default\" data-id=\"4a6e7103\" data-element_type=\"section\" data-e-type=\"section\">\n\t\t\t\t\t\t<div class=\"elementor-container elementor-column-gap-default\">\n\t\t\t\t\t<div class=\"elementor-column elementor-col-100 elementor-top-column elementor-element elementor-element-58a5972d\" data-id=\"58a5972d\" data-element_type=\"column\" data-e-type=\"column\">\n\t\t\t<div class=\"elementor-widget-wrap elementor-element-populated\">\n\t\t\t\t\t\t<div class=\"elementor-element elementor-element-485f28e1 elementor-widget elementor-widget-text-editor\" data-id=\"485f28e1\" data-element_type=\"widget\" data-e-type=\"widget\" data-widget_type=\"text-editor.default\">\n\t\t\t\t<div class=\"elementor-widget-container\">\n\t\t\t\t\t\t\t\t\tMyHealthNewsDaily ist eine umfassende und leicht zug\u00e4ngliche Quelle f\u00fcr Nachrichten und Informationen \u00fcber die neueste medizinische Forschung, Gesundheitsnachrichten und Trends. Unser Team aus erfahrenen Reportern und Redakteuren geht \u00fcber den Hype, den Jargon und die Irrt\u00fcmer hinaus und bietet eine tiefgehende und umfassende Analyse von neuen Behandlungen und Fitnessergebnissen bis hin zu den neuesten medizinischen Ger\u00e4ten und orthop\u00e4dischen Implantaten. Wir erforschen K\u00f6rper und Geist durch Nachrichten, Features und Analysen und r\u00e4umen dabei mit einigen medizinischen Mythen auf.\t\t\t\t\t\t\t\t<\/div>\n\t\t\t\t<\/div>\n\t\t\t\t\t<\/div>\n\t\t<\/div>\n\t\t\t\t\t<\/div>\n\t\t<\/section>\n\t\t\t\t<section class=\"elementor-section elementor-top-section elementor-element elementor-element-4a9797d elementor-section-boxed elementor-section-height-default elementor-section-height-default\" data-id=\"4a9797d\" data-element_type=\"section\" data-e-type=\"section\">\n\t\t\t\t\t\t<div class=\"elementor-container elementor-column-gap-default\">\n\t\t\t\t\t<div class=\"elementor-column elementor-col-100 elementor-top-column elementor-element elementor-element-859948d\" data-id=\"859948d\" data-element_type=\"column\" data-e-type=\"column\">\n\t\t\t<div class=\"elementor-widget-wrap elementor-element-populated\">\n\t\t\t\t\t\t<div class=\"elementor-element elementor-element-566ae2b elementor-widget elementor-widget-wp-widget-bd-recent-posts\" data-id=\"566ae2b\" data-element_type=\"widget\" data-e-type=\"widget\" data-widget_type=\"wp-widget-bd-recent-posts.default\">\n\t\t\t\t<div class=\"elementor-widget-container\">\n\t\t\t\t\t<h5>Aktuellsten Beitr\u00e4ge<\/h5><div class=\"widget-posts-fp-big\">\n\t\t        <div class=\"widget-story ws-post-first\" role=\"article\">\n\n\t\t\t\t\t\t\t                    <div class=\"ws-thumbnail\">\n                        <a href=\"https:\/\/www.myhealthnewsdaily.com\/de\/purisaki-berberine-pflaster-im-test-2026\/\" rel=\"bookmark\">\n\t\t\t\t\t\t\t\t\t\t\t\t\t\t\t\t\t\t\t\t\t\t\t\t<img fetchpriority=\"high\" decoding=\"async\" width=\"331\" height=\"219\" src=\"https:\/\/www.myhealthnewsdaily.com\/wp-content\/uploads\/2026\/01\/Purisaki-Berberine-Patches-Reviews-331x219.png\" class=\"attachment-bd-large size-bd-large wp-post-image\" alt=\"\" \/>                                    <div class=\"wsm-info\">\n\t\t\t\t\t\t\t\t\t\t                                        <h3 class=\"entry-title\">\n                                            <a href=\"https:\/\/www.myhealthnewsdaily.com\/de\/purisaki-berberine-pflaster-im-test-2026\/\" rel=\"bookmark\">Purisaki berberine pflaster im Test &#8211; Der neue Abnehm-Trend 2026<\/a>\n                                        <\/h3>\n                                        <span class=\"ws-info\"><a class=\"widget-meta-author\" href=\"https:\/\/www.myhealthnewsdaily.com\/de\/author\/mark\/\">Mark Schweizer <\/a><span>Januar 29, 2026<\/span><\/span>\n                                    <\/div>\n\t\t\t\t\t\t\t\t\t\t\t\t\t\t\t                        <\/a>\n                    <\/div><!-- thumbnail \/-->\n\t\t\t\t\t\t\t\n            <div class=\"ws-meta\">\n\t\t\t\t\t\t\t\t            <\/div><!-- .ws-meta -->\n        <\/div><!-- .widget-story -->\n\n\t\t<\/div>\t\t\t\t<\/div>\n\t\t\t\t<\/div>\n\t\t\t\t\t<\/div>\n\t\t<\/div>\n\t\t\t\t\t<\/div>\n\t\t<\/section>\n\t\t\t\t<\/div>\n\t\t","protected":false},"excerpt":{"rendered":"<p>MyHealthNewsDaily ist eine umfassende und leicht zug\u00e4ngliche Quelle f\u00fcr Nachrichten und Informationen \u00fcber die neueste medizinische Forschung, Gesundheitsnachrichten und Trends. Unser Team <\/p>\n","protected":false},"author":2,"featured_media":0,"parent":0,"menu_order":0,"comment_status":"closed","ping_status":"closed","template":"","meta":{"footnotes":""},"class_list":["post-10444","page","type-page","status-publish","hentry"],"yoast_head":"<!-- This site is optimized with the Yoast SEO plugin v26.9 - https:\/\/yoast.com\/product\/yoast-seo-wordpress\/ -->\n<title>My Health News Daily - T\u00e4gliche Nachrichten \u00fcber Gesundheit, Fitness und Medizin - My Health News Daily<\/title>\n<meta name=\"robots\" content=\"index, follow, max-snippet:-1, max-image-preview:large, max-video-preview:-1\" \/>\n<link rel=\"canonical\" href=\"https:\/\/www.myhealthnewsdaily.com\/de\/my-health-news-daily\/\" \/>\n<meta property=\"og:locale\" content=\"de_DE\" \/>\n<meta property=\"og:type\" content=\"article\" \/>\n<meta property=\"og:title\" content=\"My Health News Daily - T\u00e4gliche Nachrichten \u00fcber Gesundheit, Fitness und Medizin - My Health News Daily\" \/>\n<meta property=\"og:description\" content=\"MyHealthNewsDaily ist eine umfassende und leicht zug\u00e4ngliche Quelle f\u00fcr Nachrichten und Informationen \u00fcber die neueste medizinische Forschung, Gesundheitsnachrichten und Trends. Unser Team\" \/>\n<meta property=\"og:url\" content=\"https:\/\/www.myhealthnewsdaily.com\/de\/my-health-news-daily\/\" \/>\n<meta property=\"og:site_name\" content=\"My Health News Daily\" \/>\n<meta property=\"article:modified_time\" content=\"2022-09-29T12:02:49+00:00\" \/>\n<meta name=\"twitter:card\" content=\"summary_large_image\" \/>\n<meta name=\"twitter:label1\" content=\"Gesch\u00e4tzte Lesezeit\" \/>\n\t<meta name=\"twitter:data1\" content=\"2\u00a0Minuten\" \/>\n<script type=\"application\/ld+json\" class=\"yoast-schema-graph\">{\"@context\":\"https:\/\/schema.org\",\"@graph\":[{\"@type\":\"WebPage\",\"@id\":\"https:\/\/www.myhealthnewsdaily.com\/de\/my-health-news-daily\/\",\"url\":\"https:\/\/www.myhealthnewsdaily.com\/de\/my-health-news-daily\/\",\"name\":\"My Health News Daily - T\u00e4gliche Nachrichten \u00fcber Gesundheit, Fitness und Medizin - My Health News Daily\",\"isPartOf\":{\"@id\":\"https:\/\/www.myhealthnewsdaily.com\/#website\"},\"datePublished\":\"2022-09-29T11:24:02+00:00\",\"dateModified\":\"2022-09-29T12:02:49+00:00\",\"breadcrumb\":{\"@id\":\"https:\/\/www.myhealthnewsdaily.com\/de\/my-health-news-daily\/#breadcrumb\"},\"inLanguage\":\"de\",\"potentialAction\":[{\"@type\":\"ReadAction\",\"target\":[\"https:\/\/www.myhealthnewsdaily.com\/de\/my-health-news-daily\/\"]}]},{\"@type\":\"BreadcrumbList\",\"@id\":\"https:\/\/www.myhealthnewsdaily.com\/de\/my-health-news-daily\/#breadcrumb\",\"itemListElement\":[{\"@type\":\"ListItem\",\"position\":1,\"name\":\"Home\",\"item\":\"https:\/\/www.myhealthnewsdaily.com\/\"},{\"@type\":\"ListItem\",\"position\":2,\"name\":\"My Health News Daily &#8211; T\u00e4gliche Nachrichten \u00fcber Gesundheit, Fitness und Medizin\"}]},{\"@type\":\"WebSite\",\"@id\":\"https:\/\/www.myhealthnewsdaily.com\/#website\",\"url\":\"https:\/\/www.myhealthnewsdaily.com\/\",\"name\":\"My Health News Daily\",\"description\":\"T\u00e4gliche Nachrichten \u00fcber Gesundheit, Fitness und Medizin\",\"publisher\":{\"@id\":\"https:\/\/www.myhealthnewsdaily.com\/#organization\"},\"potentialAction\":[{\"@type\":\"SearchAction\",\"target\":{\"@type\":\"EntryPoint\",\"urlTemplate\":\"https:\/\/www.myhealthnewsdaily.com\/?s={search_term_string}\"},\"query-input\":{\"@type\":\"PropertyValueSpecification\",\"valueRequired\":true,\"valueName\":\"search_term_string\"}}],\"inLanguage\":\"de\"},{\"@type\":\"Organization\",\"@id\":\"https:\/\/www.myhealthnewsdaily.com\/#organization\",\"name\":\"Myhealthnewsdaily\",\"url\":\"https:\/\/www.myhealthnewsdaily.com\/\",\"logo\":{\"@type\":\"ImageObject\",\"inLanguage\":\"de\",\"@id\":\"https:\/\/www.myhealthnewsdaily.com\/#\/schema\/logo\/image\/\",\"url\":\"https:\/\/www.myhealthnewsdaily.com\/wp-content\/uploads\/2020\/10\/myhealthnewsdaily.jpg\",\"contentUrl\":\"https:\/\/www.myhealthnewsdaily.com\/wp-content\/uploads\/2020\/10\/myhealthnewsdaily.jpg\",\"width\":263,\"height\":75,\"caption\":\"Myhealthnewsdaily\"},\"image\":{\"@id\":\"https:\/\/www.myhealthnewsdaily.com\/#\/schema\/logo\/image\/\"}}]}<\/script>\n<!-- \/ Yoast SEO plugin. -->","yoast_head_json":{"title":"My Health News Daily - T\u00e4gliche Nachrichten \u00fcber Gesundheit, Fitness und Medizin - My Health News Daily","robots":{"index":"index","follow":"follow","max-snippet":"max-snippet:-1","max-image-preview":"max-image-preview:large","max-video-preview":"max-video-preview:-1"},"canonical":"https:\/\/www.myhealthnewsdaily.com\/de\/my-health-news-daily\/","og_locale":"de_DE","og_type":"article","og_title":"My Health News Daily - T\u00e4gliche Nachrichten \u00fcber Gesundheit, Fitness und Medizin - My Health News Daily","og_description":"MyHealthNewsDaily ist eine umfassende und leicht zug\u00e4ngliche Quelle f\u00fcr Nachrichten und Informationen \u00fcber die neueste medizinische Forschung, Gesundheitsnachrichten und Trends. Unser Team","og_url":"https:\/\/www.myhealthnewsdaily.com\/de\/my-health-news-daily\/","og_site_name":"My Health News Daily","article_modified_time":"2022-09-29T12:02:49+00:00","twitter_card":"summary_large_image","twitter_misc":{"Gesch\u00e4tzte Lesezeit":"2\u00a0Minuten"},"schema":{"@context":"https:\/\/schema.org","@graph":[{"@type":"WebPage","@id":"https:\/\/www.myhealthnewsdaily.com\/de\/my-health-news-daily\/","url":"https:\/\/www.myhealthnewsdaily.com\/de\/my-health-news-daily\/","name":"My Health News Daily - T\u00e4gliche Nachrichten \u00fcber Gesundheit, Fitness und Medizin - My Health News Daily","isPartOf":{"@id":"https:\/\/www.myhealthnewsdaily.com\/#website"},"datePublished":"2022-09-29T11:24:02+00:00","dateModified":"2022-09-29T12:02:49+00:00","breadcrumb":{"@id":"https:\/\/www.myhealthnewsdaily.com\/de\/my-health-news-daily\/#breadcrumb"},"inLanguage":"de","potentialAction":[{"@type":"ReadAction","target":["https:\/\/www.myhealthnewsdaily.com\/de\/my-health-news-daily\/"]}]},{"@type":"BreadcrumbList","@id":"https:\/\/www.myhealthnewsdaily.com\/de\/my-health-news-daily\/#breadcrumb","itemListElement":[{"@type":"ListItem","position":1,"name":"Home","item":"https:\/\/www.myhealthnewsdaily.com\/"},{"@type":"ListItem","position":2,"name":"My Health News Daily &#8211; T\u00e4gliche Nachrichten \u00fcber Gesundheit, Fitness und Medizin"}]},{"@type":"WebSite","@id":"https:\/\/www.myhealthnewsdaily.com\/#website","url":"https:\/\/www.myhealthnewsdaily.com\/","name":"My Health News Daily","description":"T\u00e4gliche Nachrichten \u00fcber Gesundheit, Fitness und Medizin","publisher":{"@id":"https:\/\/www.myhealthnewsdaily.com\/#organization"},"potentialAction":[{"@type":"SearchAction","target":{"@type":"EntryPoint","urlTemplate":"https:\/\/www.myhealthnewsdaily.com\/?s={search_term_string}"},"query-input":{"@type":"PropertyValueSpecification","valueRequired":true,"valueName":"search_term_string"}}],"inLanguage":"de"},{"@type":"Organization","@id":"https:\/\/www.myhealthnewsdaily.com\/#organization","name":"Myhealthnewsdaily","url":"https:\/\/www.myhealthnewsdaily.com\/","logo":{"@type":"ImageObject","inLanguage":"de","@id":"https:\/\/www.myhealthnewsdaily.com\/#\/schema\/logo\/image\/","url":"https:\/\/www.myhealthnewsdaily.com\/wp-content\/uploads\/2020\/10\/myhealthnewsdaily.jpg","contentUrl":"https:\/\/www.myhealthnewsdaily.com\/wp-content\/uploads\/2020\/10\/myhealthnewsdaily.jpg","width":263,"height":75,"caption":"Myhealthnewsdaily"},"image":{"@id":"https:\/\/www.myhealthnewsdaily.com\/#\/schema\/logo\/image\/"}}]}},"_links":{"self":[{"href":"https:\/\/www.myhealthnewsdaily.com\/de\/wp-json\/wp\/v2\/pages\/10444","targetHints":{"allow":["GET"]}}],"collection":[{"href":"https:\/\/www.myhealthnewsdaily.com\/de\/wp-json\/wp\/v2\/pages"}],"about":[{"href":"https:\/\/www.myhealthnewsdaily.com\/de\/wp-json\/wp\/v2\/types\/page"}],"author":[{"embeddable":true,"href":"https:\/\/www.myhealthnewsdaily.com\/de\/wp-json\/wp\/v2\/users\/2"}],"replies":[{"embeddable":true,"href":"https:\/\/www.myhealthnewsdaily.com\/de\/wp-json\/wp\/v2\/comments?post=10444"}],"version-history":[{"count":5,"href":"https:\/\/www.myhealthnewsdaily.com\/de\/wp-json\/wp\/v2\/pages\/10444\/revisions"}],"predecessor-version":[{"id":83765,"href":"https:\/\/www.myhealthnewsdaily.com\/de\/wp-json\/wp\/v2\/pages\/10444\/revisions\/83765"}],"wp:attachment":[{"href":"https:\/\/www.myhealthnewsdaily.com\/de\/wp-json\/wp\/v2\/media?parent=10444"}],"curies":[{"name":"wp","href":"https:\/\/api.w.org\/{rel}","templated":true}]}}