{"id":4678,"date":"2020-11-04T14:12:34","date_gmt":"2020-11-04T14:12:34","guid":{"rendered":"https:\/\/de.myhealthnewsdaily.com\/?page_id=4678"},"modified":"2022-09-29T12:25:32","modified_gmt":"2022-09-29T12:25:32","slug":"impressum","status":"publish","type":"page","link":"https:\/\/www.myhealthnewsdaily.com\/de\/impressum\/","title":{"rendered":"Impressum"},"content":{"rendered":"<h2>Angaben gem\u00e4\u00df \u00a7 5 TMG:<\/h2>\n<p>Mark Schweizer<br \/>\nFrancis Rachel Street Suite 2<br \/>\n0000 Victoria Mahe<br \/>\nSeychellen<br \/>\nE-mail: Mark@myhealthnewsdaily.com<\/p>\n<h2>Kontakt<\/h2>\n<p>E-mail: Mark@myhealthnewsdaily.com<\/p>\n<div>\n<h2>Haftung f\u00fcr Inhalte<\/h2>\n<p>Die Inhalte unserer Seiten wurden mit gr\u00f6\u00dfter Sorgfalt erstellt. F\u00fcr die Richtigkeit, Vollst\u00e4ndigkeit und Aktualit\u00e4t der Inhalte k\u00f6nnen wir jedoch keine Gew\u00e4hr \u00fcbernehmen. Als Diensteanbieter sind wir gem\u00e4\u00df \u00a7 7 Abs.1 TMG f\u00fcr eigene Inhalte auf diesen Seiten nach den allgemeinen Gesetzen verantwortlich. Nach \u00a7\u00a7 8 bis 10 TMG sind wir als Diensteanbieter jedoch nicht verpflichtet, \u00fcbermittelte oder gespeicherte fremde Informationen zu \u00fcberwachen oder nach Umst\u00e4nden zu forschen, die auf eine rechtswidrige T\u00e4tigkeit hinweisen. Verpflichtungen zur Entfernung oder Sperrung der Nutzung von Informationen nach den allgemeinen Gesetzen bleiben hiervon unber\u00fchrt. Eine diesbez\u00fcgliche Haftung ist jedoch erst ab dem Zeitpunkt der Kenntnis einer konkreten Rechtsverletzung m\u00f6glich. Bei Bekanntwerden von entsprechenden Rechtsverletzungen werden wir diese Inhalte umgehend entfernen.<br \/>\nHaftungsanspr\u00fcche gegen den Autor, welche sich auf Sch\u00e4den materieller oder ideeller Art beziehen, die durch die Nutzung oder Nichtnutzung der dargebotenen Informationen bzw. durch die Nutzung fehlerhafter und unvollst\u00e4ndiger Informationen verursacht wurden, sind grunds\u00e4tzlich ausgeschlossen, sofern seitens des Autors kein nachweislich vors\u00e4tzliches oder grob fahrl\u00e4ssiges Verschulden vorliegt.<br \/>\nAlle Angebote sind freibleibend und unverbindlich. Der Autor beh\u00e4lt es sich ausdr\u00fccklich vor, Teile der Seiten oder das gesamte Angebot ohne gesonderte Ank\u00fcndigung zu ver\u00e4ndern, zu erg\u00e4nzen, zu l\u00f6schen oder die Ver\u00f6ffentlichung zeitweise oder endg\u00fcltig einzustellen.<\/p>\n<h2>Haftung f\u00fcr Links<\/h2>\n<p>Unser Angebot enth\u00e4lt Links zu externen Webseiten Dritter, auf deren Inhalte wir keinen Einfluss haben. Deshalb k\u00f6nnen wir f\u00fcr diese fremden Inhalte auch keine Gew\u00e4hr \u00fcbernehmen. F\u00fcr die Inhalte der verlinkten Seiten ist stets der jeweilige Anbieter oder Betreiber der Seiten verantwortlich. Die verlinkten Seiten wurden zum Zeitpunkt der Verlinkung auf m\u00f6gliche Rechtsverst\u00f6\u00dfe \u00fcberpr\u00fcft. Rechtswidrige Inhalte waren zum Zeitpunkt der Verlinkung nicht erkennbar. Eine permanente inhaltliche Kontrolle der verlinkten Seiten ist jedoch ohne konkrete Anhaltspunkte einer Rechtsverletzung nicht zumutbar. Bei Bekanntwerden von Rechtsverletzungen werden wir derartige Links umgehend entfernen.<\/p>\n<h2>Urheberrecht<\/h2>\n<p>Die durch die Seitenbetreiber erstellten Inhalte und Werke auf diesen Seiten unterliegen dem deutschen Urheberrecht. Die Vervielf\u00e4ltigung, Bearbeitung, Verbreitung und jede Art der Verwertung au\u00dferhalb der Grenzen des Urheberrechtes bed\u00fcrfen der schriftlichen Zustimmung des jeweiligen Autors bzw. Erstellers. Downloads und Kopien dieser Seite sind nur f\u00fcr den privaten, nicht kommerziellen Gebrauch gestattet. Soweit die Inhalte auf dieser Seite nicht vom Betreiber erstellt wurden, werden die Urheberrechte Dritter beachtet. Insbesondere werden Inhalte Dritter als solche gekennzeichnet. Sollten Sie trotzdem auf eine Urheberrechtsverletzung aufmerksam werden, bitten wir um einen entsprechenden Hinweis. Bei Bekanntwerden von Rechtsverletzungen werden wir derartige Inhalte umgehend entfernen.<\/p>\n<h2 class=\"\">Werbepartner, Anzeigen, Werbung<\/h2>\n<p>Die mit Sternchen (*) gekennzeichneten Verweise sind sogenannte Provision-Links. Wenn du auf so einen Verweislink klickst und \u00fcber diesen Link einkaufst, bekomme ich von deinem Einkauf eine Provision. F\u00fcr dich ver\u00e4ndert sich der Preis nicht.<\/p>\n<\/div>\n","protected":false},"excerpt":{"rendered":"<p>Angaben gem\u00e4\u00df \u00a7 5 TMG: Mark Schweizer Francis Rachel Street Suite 2 0000 Victoria Mahe Seychellen E-mail: Mark@myhealthnewsdaily.com Kontakt E-mail: Mark@myhealthnewsdaily.com Haftung <\/p>\n","protected":false},"author":1,"featured_media":0,"parent":0,"menu_order":0,"comment_status":"closed","ping_status":"closed","template":"","meta":{"footnotes":""},"class_list":["post-4678","page","type-page","status-publish","hentry"],"yoast_head":"<!-- This site is optimized with the Yoast SEO plugin v26.9 - https:\/\/yoast.com\/product\/yoast-seo-wordpress\/ -->\n<title>Impressum - My Health News Daily<\/title>\n<meta name=\"robots\" content=\"index, follow, max-snippet:-1, max-image-preview:large, max-video-preview:-1\" \/>\n<link rel=\"canonical\" href=\"https:\/\/www.myhealthnewsdaily.com\/de\/?page_id=4668\" \/>\n<meta property=\"og:locale\" content=\"de_DE\" \/>\n<meta property=\"og:type\" content=\"article\" \/>\n<meta property=\"og:title\" content=\"Impressum - My Health News Daily\" \/>\n<meta property=\"og:description\" content=\"Angaben gem\u00e4\u00df \u00a7 5 TMG: Mark Schweizer Francis Rachel Street Suite 2 0000 Victoria Mahe Seychellen E-mail: Mark@myhealthnewsdaily.com Kontakt E-mail: Mark@myhealthnewsdaily.com Haftung\" \/>\n<meta property=\"og:url\" content=\"https:\/\/www.myhealthnewsdaily.com\/?page_id=4668\" \/>\n<meta property=\"og:site_name\" content=\"My Health News Daily\" \/>\n<meta property=\"article:modified_time\" content=\"2022-09-29T12:25:32+00:00\" \/>\n<meta name=\"twitter:card\" content=\"summary_large_image\" \/>\n<meta name=\"twitter:label1\" content=\"Gesch\u00e4tzte Lesezeit\" \/>\n\t<meta name=\"twitter:data1\" content=\"2\u00a0Minuten\" \/>\n<script type=\"application\/ld+json\" class=\"yoast-schema-graph\">{\"@context\":\"https:\/\/schema.org\",\"@graph\":[{\"@type\":\"WebPage\",\"@id\":\"https:\/\/www.myhealthnewsdaily.com\/?page_id=4668\",\"url\":\"https:\/\/www.myhealthnewsdaily.com\/?page_id=4668\",\"name\":\"Impressum - My Health News Daily\",\"isPartOf\":{\"@id\":\"https:\/\/www.myhealthnewsdaily.com\/#website\"},\"datePublished\":\"2020-11-04T14:12:34+00:00\",\"dateModified\":\"2022-09-29T12:25:32+00:00\",\"breadcrumb\":{\"@id\":\"https:\/\/www.myhealthnewsdaily.com\/?page_id=4668#breadcrumb\"},\"inLanguage\":\"de\",\"potentialAction\":[{\"@type\":\"ReadAction\",\"target\":[\"https:\/\/www.myhealthnewsdaily.com\/?page_id=4668\"]}]},{\"@type\":\"BreadcrumbList\",\"@id\":\"https:\/\/www.myhealthnewsdaily.com\/?page_id=4668#breadcrumb\",\"itemListElement\":[{\"@type\":\"ListItem\",\"position\":1,\"name\":\"Home\",\"item\":\"https:\/\/www.myhealthnewsdaily.com\/\"},{\"@type\":\"ListItem\",\"position\":2,\"name\":\"Impressum\"}]},{\"@type\":\"WebSite\",\"@id\":\"https:\/\/www.myhealthnewsdaily.com\/#website\",\"url\":\"https:\/\/www.myhealthnewsdaily.com\/\",\"name\":\"My Health News Daily\",\"description\":\"T\u00e4gliche Nachrichten \u00fcber Gesundheit, Fitness und Medizin\",\"publisher\":{\"@id\":\"https:\/\/www.myhealthnewsdaily.com\/#organization\"},\"potentialAction\":[{\"@type\":\"SearchAction\",\"target\":{\"@type\":\"EntryPoint\",\"urlTemplate\":\"https:\/\/www.myhealthnewsdaily.com\/?s={search_term_string}\"},\"query-input\":{\"@type\":\"PropertyValueSpecification\",\"valueRequired\":true,\"valueName\":\"search_term_string\"}}],\"inLanguage\":\"de\"},{\"@type\":\"Organization\",\"@id\":\"https:\/\/www.myhealthnewsdaily.com\/#organization\",\"name\":\"Myhealthnewsdaily\",\"url\":\"https:\/\/www.myhealthnewsdaily.com\/\",\"logo\":{\"@type\":\"ImageObject\",\"inLanguage\":\"de\",\"@id\":\"https:\/\/www.myhealthnewsdaily.com\/#\/schema\/logo\/image\/\",\"url\":\"https:\/\/www.myhealthnewsdaily.com\/wp-content\/uploads\/2020\/10\/myhealthnewsdaily.jpg\",\"contentUrl\":\"https:\/\/www.myhealthnewsdaily.com\/wp-content\/uploads\/2020\/10\/myhealthnewsdaily.jpg\",\"width\":263,\"height\":75,\"caption\":\"Myhealthnewsdaily\"},\"image\":{\"@id\":\"https:\/\/www.myhealthnewsdaily.com\/#\/schema\/logo\/image\/\"}}]}<\/script>\n<!-- \/ Yoast SEO plugin. -->","yoast_head_json":{"title":"Impressum - My Health News Daily","robots":{"index":"index","follow":"follow","max-snippet":"max-snippet:-1","max-image-preview":"max-image-preview:large","max-video-preview":"max-video-preview:-1"},"canonical":"https:\/\/www.myhealthnewsdaily.com\/de\/?page_id=4668","og_locale":"de_DE","og_type":"article","og_title":"Impressum - My Health News Daily","og_description":"Angaben gem\u00e4\u00df \u00a7 5 TMG: Mark Schweizer Francis Rachel Street Suite 2 0000 Victoria Mahe Seychellen E-mail: Mark@myhealthnewsdaily.com Kontakt E-mail: Mark@myhealthnewsdaily.com Haftung","og_url":"https:\/\/www.myhealthnewsdaily.com\/?page_id=4668","og_site_name":"My Health News Daily","article_modified_time":"2022-09-29T12:25:32+00:00","twitter_card":"summary_large_image","twitter_misc":{"Gesch\u00e4tzte Lesezeit":"2\u00a0Minuten"},"schema":{"@context":"https:\/\/schema.org","@graph":[{"@type":"WebPage","@id":"https:\/\/www.myhealthnewsdaily.com\/?page_id=4668","url":"https:\/\/www.myhealthnewsdaily.com\/?page_id=4668","name":"Impressum - My Health News Daily","isPartOf":{"@id":"https:\/\/www.myhealthnewsdaily.com\/#website"},"datePublished":"2020-11-04T14:12:34+00:00","dateModified":"2022-09-29T12:25:32+00:00","breadcrumb":{"@id":"https:\/\/www.myhealthnewsdaily.com\/?page_id=4668#breadcrumb"},"inLanguage":"de","potentialAction":[{"@type":"ReadAction","target":["https:\/\/www.myhealthnewsdaily.com\/?page_id=4668"]}]},{"@type":"BreadcrumbList","@id":"https:\/\/www.myhealthnewsdaily.com\/?page_id=4668#breadcrumb","itemListElement":[{"@type":"ListItem","position":1,"name":"Home","item":"https:\/\/www.myhealthnewsdaily.com\/"},{"@type":"ListItem","position":2,"name":"Impressum"}]},{"@type":"WebSite","@id":"https:\/\/www.myhealthnewsdaily.com\/#website","url":"https:\/\/www.myhealthnewsdaily.com\/","name":"My Health News Daily","description":"T\u00e4gliche Nachrichten \u00fcber Gesundheit, Fitness und Medizin","publisher":{"@id":"https:\/\/www.myhealthnewsdaily.com\/#organization"},"potentialAction":[{"@type":"SearchAction","target":{"@type":"EntryPoint","urlTemplate":"https:\/\/www.myhealthnewsdaily.com\/?s={search_term_string}"},"query-input":{"@type":"PropertyValueSpecification","valueRequired":true,"valueName":"search_term_string"}}],"inLanguage":"de"},{"@type":"Organization","@id":"https:\/\/www.myhealthnewsdaily.com\/#organization","name":"Myhealthnewsdaily","url":"https:\/\/www.myhealthnewsdaily.com\/","logo":{"@type":"ImageObject","inLanguage":"de","@id":"https:\/\/www.myhealthnewsdaily.com\/#\/schema\/logo\/image\/","url":"https:\/\/www.myhealthnewsdaily.com\/wp-content\/uploads\/2020\/10\/myhealthnewsdaily.jpg","contentUrl":"https:\/\/www.myhealthnewsdaily.com\/wp-content\/uploads\/2020\/10\/myhealthnewsdaily.jpg","width":263,"height":75,"caption":"Myhealthnewsdaily"},"image":{"@id":"https:\/\/www.myhealthnewsdaily.com\/#\/schema\/logo\/image\/"}}]}},"_links":{"self":[{"href":"https:\/\/www.myhealthnewsdaily.com\/de\/wp-json\/wp\/v2\/pages\/4678","targetHints":{"allow":["GET"]}}],"collection":[{"href":"https:\/\/www.myhealthnewsdaily.com\/de\/wp-json\/wp\/v2\/pages"}],"about":[{"href":"https:\/\/www.myhealthnewsdaily.com\/de\/wp-json\/wp\/v2\/types\/page"}],"author":[{"embeddable":true,"href":"https:\/\/www.myhealthnewsdaily.com\/de\/wp-json\/wp\/v2\/users\/1"}],"replies":[{"embeddable":true,"href":"https:\/\/www.myhealthnewsdaily.com\/de\/wp-json\/wp\/v2\/comments?post=4678"}],"version-history":[{"count":2,"href":"https:\/\/www.myhealthnewsdaily.com\/de\/wp-json\/wp\/v2\/pages\/4678\/revisions"}],"predecessor-version":[{"id":83775,"href":"https:\/\/www.myhealthnewsdaily.com\/de\/wp-json\/wp\/v2\/pages\/4678\/revisions\/83775"}],"wp:attachment":[{"href":"https:\/\/www.myhealthnewsdaily.com\/de\/wp-json\/wp\/v2\/media?parent=4678"}],"curies":[{"name":"wp","href":"https:\/\/api.w.org\/{rel}","templated":true}]}}